{"id":90,"date":"2023-12-20T13:14:33","date_gmt":"2023-12-20T12:14:33","guid":{"rendered":"https:\/\/amisdujardinvillars.fr\/?page_id=90"},"modified":"2025-11-16T12:16:28","modified_gmt":"2025-11-16T11:16:28","slug":"association","status":"publish","type":"page","link":"https:\/\/amisdujardinvillars.fr\/index.php\/association\/","title":{"rendered":"Association"},"content":{"rendered":"\n<div class=\"wp-block-buttons is-content-justification-center is-layout-flex wp-container-core-buttons-is-layout-a89b3969 wp-block-buttons-is-layout-flex\">\n<div class=\"wp-block-button\"><a class=\"wp-block-button__link wp-element-button\" href=\"https:\/\/www.helloasso.com\/associations\/les-amis-du-jardin-dominique-villars\/adhesions\/adhesion-2026-les-amis-du-jardin-d-villars\">J&rsquo;adh\u00e8re \u00e0 l&rsquo;association<\/a><\/div>\n<\/div>\n\n\n\n<p style=\"text-align: justify;\">Adh\u00e9rer \u00e0 l&rsquo;Association des Amis du Jardin Dominique Villars rev\u00eat une importance cruciale pour la pr\u00e9servation et l&rsquo;\u00e9panouissement de ce lieu au service de la botanique et de la transmissions des savoirs. En tant qu&rsquo;association loi 1901, notre engagement repose sur la contribution annuelle de nos membres, offrant trois options d&rsquo;adh\u00e9sion :<\/p>\n<ul>\n<li style=\"text-align: justify;\">l&rsquo;adh\u00e9sion standard (avec deux tarifs dont un pour les \u00e9tudiantes et \u00e9tudiants) ;<\/li>\n<li>les adh\u00e9sions sp\u00e9ciales : comme \u00ab\u00a0Parrainage arbre\/collection de plantes\u00a0\u00bb et \u00ab\u00a0Amis des oiseaux\u00a0\u00bb ;<\/li>\n<li style=\"text-align: justify;\">l&rsquo;adh\u00e9sion r\u00e9serv\u00e9e aux membres bienfaiteurs.<\/li>\n<\/ul>\n<p style=\"text-align: justify;\">\u2028En devenant membre des Amis du Jardin Dominique Villars, vous b\u00e9n\u00e9ficierez d&rsquo;informations originales sur le jardin et ses plantes, leur usages, leurs histoires. Vous acc\u00e8derez \u00e0 des moments d\u00e9di\u00e9s organis\u00e9s tout au long de l&rsquo;ann\u00e9e (ateliers, visites, d\u00e9couvertes,&#8230;).\u2028<\/p>\n<p style=\"text-align: justify;\">Votre contribution pourra aussi prendre une dimension plus active en participant \u00e0 certains travaux du jardin, \u00e0 l&rsquo;organisation d&rsquo;\u00e9v\u00e8nements, \u00e0 la r\u00e9daction d&rsquo;articles pour le site et la lettre d&rsquo;information.<\/p>\n<p style=\"text-align: justify;\">\u2028Ensemble, nous \u0153uvrons pour pr\u00e9server et enrichir cet espace unique, tout en favorisant l&rsquo;\u00e9change de connaissances et la sensibilisation \u00e0 l&rsquo;importance de la nature. Rejoignez-nous pour soutenir le jardin Dominique Villars dans sa mission de pr\u00e9servation et de valorisation.<\/p>\n\n\n\n<hr class=\"wp-block-separator has-alpha-channel-opacity\"\/>\n\n\n\n<h3 class=\"wp-block-heading\">Les membres du bureau (2023-2026)<\/h3>\n\n\n\n<div class=\"wp-block-media-text is-stacked-on-mobile\" style=\"grid-template-columns:53% auto\"><figure class=\"wp-block-media-text__media\"><img loading=\"lazy\" decoding=\"async\" width=\"1024\" height=\"665\" src=\"https:\/\/amisdujardinvillars.fr\/wp-content\/uploads\/2024\/04\/Photo-bureau-JDV-1024x665.png\" alt=\"\" class=\"wp-image-654 size-full\" srcset=\"https:\/\/amisdujardinvillars.fr\/wp-content\/uploads\/2024\/04\/Photo-bureau-JDV-1024x665.png 1024w, https:\/\/amisdujardinvillars.fr\/wp-content\/uploads\/2024\/04\/Photo-bureau-JDV-300x195.png 300w, https:\/\/amisdujardinvillars.fr\/wp-content\/uploads\/2024\/04\/Photo-bureau-JDV-768x499.png 768w, https:\/\/amisdujardinvillars.fr\/wp-content\/uploads\/2024\/04\/Photo-bureau-JDV.png 1536w\" sizes=\"auto, (max-width: 1024px) 100vw, 1024px\" \/><\/figure><div class=\"wp-block-media-text__content\">\n<p><strong>Dr Manon Paul-Traversaz, Pr\u00e9sidente<\/strong><br>Directrice du jardin botanique<\/p>\n\n\n\n<p><strong>Dr Stephane Rossi<\/strong>, Vice-Pr\u00e9sident<\/p>\n\n\n\n<p><strong>Pr Michel S\u00e8ve, Tr\u00e9sorier<\/strong><\/p>\n\n\n\n<p><strong>Dr Cl\u00e9ment Chillet, Secr\u00e9taire<\/strong><\/p>\n\n\n\n<p>&#8211;<\/p>\n\n\n\n<p><strong>Dr Aline Mercan<\/strong>, Vice-Secr\u00e9taire<br><br><strong>Mme Wakiko Tsuboi<\/strong>, Secr\u00e9taire adjointe<\/p>\n\n\n\n<p><strong>Dr Xiaofan Song<\/strong>, Responsable produits d\u00e9riv\u00e9s<\/p>\n\n\n\n<p><strong>Dr Simon Paul<\/strong>, Coordination des \u00e9v\u00e8nements<br><\/p>\n<\/div><\/div>\n\n\n\n<hr class=\"wp-block-separator has-alpha-channel-opacity\"\/>\n\n\n\n<h3 class=\"wp-block-heading\">Statuts de l&rsquo;association<\/h3>\n\n\n\n<div class=\"wp-block-buttons is-content-justification-center is-layout-flex wp-container-core-buttons-is-layout-a89b3969 wp-block-buttons-is-layout-flex\">\n<div class=\"wp-block-button\"><a class=\"wp-block-button__link wp-element-button\" href=\"https:\/\/amisdujardinvillars.fr\/index.php\/association\/statuts\/\">Consulter les statuts<\/a><\/div>\n<\/div>\n\n\n\n<hr class=\"wp-block-separator has-alpha-channel-opacity\"\/>\n","protected":false},"excerpt":{"rendered":"<p>Adh\u00e9rer \u00e0 l&rsquo;Association des Amis du Jardin Dominique Villars rev\u00eat une importance cruciale pour la pr\u00e9servation et l&rsquo;\u00e9panouissement de ce lieu au service de la botanique et de la transmissions des savoirs. En tant qu&rsquo;association loi 1901, notre engagement repose sur la contribution annuelle de nos membres, offrant trois options d&rsquo;adh\u00e9sion : l&rsquo;adh\u00e9sion standard (avec [&hellip;]<\/p>\n","protected":false},"author":2,"featured_media":0,"parent":0,"menu_order":0,"comment_status":"closed","ping_status":"closed","template":"","meta":{"footnotes":""},"class_list":["post-90","page","type-page","status-publish","hentry"],"_links":{"self":[{"href":"https:\/\/amisdujardinvillars.fr\/index.php\/wp-json\/wp\/v2\/pages\/90","targetHints":{"allow":["GET"]}}],"collection":[{"href":"https:\/\/amisdujardinvillars.fr\/index.php\/wp-json\/wp\/v2\/pages"}],"about":[{"href":"https:\/\/amisdujardinvillars.fr\/index.php\/wp-json\/wp\/v2\/types\/page"}],"author":[{"embeddable":true,"href":"https:\/\/amisdujardinvillars.fr\/index.php\/wp-json\/wp\/v2\/users\/2"}],"replies":[{"embeddable":true,"href":"https:\/\/amisdujardinvillars.fr\/index.php\/wp-json\/wp\/v2\/comments?post=90"}],"version-history":[{"count":35,"href":"https:\/\/amisdujardinvillars.fr\/index.php\/wp-json\/wp\/v2\/pages\/90\/revisions"}],"predecessor-version":[{"id":1312,"href":"https:\/\/amisdujardinvillars.fr\/index.php\/wp-json\/wp\/v2\/pages\/90\/revisions\/1312"}],"wp:attachment":[{"href":"https:\/\/amisdujardinvillars.fr\/index.php\/wp-json\/wp\/v2\/media?parent=90"}],"curies":[{"name":"wp","href":"https:\/\/api.w.org\/{rel}","templated":true}]}}