{"id":47,"date":"2023-12-20T12:14:24","date_gmt":"2023-12-20T11:14:24","guid":{"rendered":"https:\/\/amisdujardinvillars.fr\/?page_id=47"},"modified":"2026-04-09T19:41:14","modified_gmt":"2026-04-09T17:41:14","slug":"evenements","status":"publish","type":"page","link":"https:\/\/amisdujardinvillars.fr\/index.php\/evenements\/","title":{"rendered":"\u00c9v\u00e8nements r\u00e9serv\u00e9s aux adh\u00e9rents"},"content":{"rendered":"\n<p style=\"text-align: justify;\"><span style=\"font-size: revert; font-family: var(--wp--preset--font-family--outfit);\">D\u00e9couvrez ici nos ateliers th\u00e9matiques, conf\u00e9rences et visites guid\u00e9es. Ces \u00e9v\u00e9nements, exclusivement <a style=\"font-size: revert; font-family: var(--wp--preset--font-family--outfit);\" href=\"https:\/\/www.helloasso.com\/associations\/les-amis-du-jardin-dominique-villars\/adhesions\/adhesion-2026-les-amis-du-jardin-d-villars\">r\u00e9serv\u00e9s aux adh\u00e9rentes et adh\u00e9rents de l&rsquo;association<\/a>), offrent l\u2019opportunit\u00e9 d\u2019explorer la richesse du jardin, d\u2019approfondir les connaissances botaniques, de partager des savoirs et de renforcer les liens au sein de la communaut\u00e9 botanique du Dauphin\u00e9.<br \/>Restez inform\u00e9s gr\u00e2ce \u00e0 notre newsletter, \u00e9galement r\u00e9serv\u00e9e aux membres de l\u2019association.<\/span><\/p>\n\n\n\n<h3 class=\"wp-block-heading has-text-align-center\">A venir<\/h3>\n\n\n\n<div class=\"wp-block-group has-global-padding is-layout-constrained wp-block-group-is-layout-constrained\">\n<div class=\"wp-block-group has-global-padding is-layout-constrained wp-block-group-is-layout-constrained\">\n<hr class=\"wp-block-separator has-alpha-channel-opacity\"\/>\n<\/div>\n<\/div>\n\n\n\n<h4 class=\"wp-block-heading has-text-align-center\">Conf\u00e9rence &#8211; \u00ab\u00a0Secrets d\u2019herboriste : cultiver sa m\u00e9moire entre tradition et science\u00a0\u00bb &#8211; Dr Stephane Rossi <br>16 avril &#8211;  18h30<\/h4>\n\n\n\n<figure class=\"wp-block-gallery has-nested-images columns-default is-cropped wp-block-gallery-1 is-layout-flex wp-block-gallery-is-layout-flex\">\n<figure class=\"wp-block-image aligncenter size-large\"><img loading=\"lazy\" decoding=\"async\" width=\"1024\" height=\"343\" data-id=\"1374\" src=\"https:\/\/amisdujardinvillars.fr\/wp-content\/uploads\/2026\/03\/Herboristerie-et-jardin-1-1024x343.jpg\" alt=\"\" class=\"wp-image-1374\" srcset=\"https:\/\/amisdujardinvillars.fr\/wp-content\/uploads\/2026\/03\/Herboristerie-et-jardin-1-1024x343.jpg 1024w, https:\/\/amisdujardinvillars.fr\/wp-content\/uploads\/2026\/03\/Herboristerie-et-jardin-1-300x100.jpg 300w, https:\/\/amisdujardinvillars.fr\/wp-content\/uploads\/2026\/03\/Herboristerie-et-jardin-1-768x257.jpg 768w, https:\/\/amisdujardinvillars.fr\/wp-content\/uploads\/2026\/03\/Herboristerie-et-jardin-1.jpg 1294w\" sizes=\"auto, (max-width: 1024px) 100vw, 1024px\" \/><\/figure>\n<\/figure>\n\n\n\n<p class=\"has-text-align-center\"><strong>Amphith\u00e9\u00e2tre sup\u00e9rieur nord &#8211; de 18h30 \u00e0 19h45<\/strong><\/p>\n\n\n\n<p class=\"has-text-align-center\">Voil\u00e0 du romarin ; c\u2019est pour le souvenir \u00bb, \u00e9crivait Shakespeare. Depuis l\u2019Antiquit\u00e9, les plantes accompagnent la m\u00e9moire et la clart\u00e9 de l\u2019esprit. Mais que disent aujourd\u2019hui les neurosciences et la recherche moderne de ces savoirs anciens ?<\/p>\n\n\n\n<p class=\"has-text-align-center\">Lors d\u2019une conf\u00e9rence vivante, accessible et\u2026 olfactive, le Dr St\u00e9phane Rossi, pharmacien-herboriste, vous propose d\u2019explorer les liens fascinants entre plantes, cerveau et m\u00e9moire. Comment fonctionne notre m\u00e9moire ? Pourquoi l\u2019alimentation influence-t-elle nos capacit\u00e9s cognitives ? Et comment certaines plantes peuvent-elles soutenir concentration et vitalit\u00e9 intellectuelle ?<\/p>\n\n\n\n<p class=\"has-text-align-center\">Entre science et tradition, cette rencontre vous invite \u00e0 regarder votre m\u00e9moire comme un jardin : un espace vivant que l\u2019on nourrit, entretient et \u00e9quilibre au fil du temps.<\/p>\n\n\n\n<p class=\"has-text-align-center\">Une conf\u00e9rence pour \u00e9veiller les sens, nourrir la curiosit\u00e9 et semer quelques graines de connaissance.<\/p>\n\n\n\n<div class=\"wp-block-buttons is-content-justification-center is-layout-flex wp-container-core-buttons-is-layout-a89b3969 wp-block-buttons-is-layout-flex\">\n<div class=\"wp-block-button\"><a class=\"wp-block-button__link wp-element-button\" href=\"https:\/\/www.helloasso.com\/associations\/les-amis-du-jardin-dominique-villars\/evenements\/secrets-d-herboriste-cultiver-sa-memoire-entre-tradition-et-sciences-s-rossi\">Inscription<\/a><\/div>\n<\/div>\n\n\n\n<hr class=\"wp-block-separator has-alpha-channel-opacity\"\/>\n\n\n\n<figure class=\"wp-block-image aligncenter size-large\"><img loading=\"lazy\" decoding=\"async\" width=\"1024\" height=\"361\" src=\"https:\/\/amisdujardinvillars.fr\/wp-content\/uploads\/2026\/03\/Illustration-broderie-eugenia-1024x361.png\" alt=\"\" class=\"wp-image-1362\" srcset=\"https:\/\/amisdujardinvillars.fr\/wp-content\/uploads\/2026\/03\/Illustration-broderie-eugenia-1024x361.png 1024w, https:\/\/amisdujardinvillars.fr\/wp-content\/uploads\/2026\/03\/Illustration-broderie-eugenia-300x106.png 300w, https:\/\/amisdujardinvillars.fr\/wp-content\/uploads\/2026\/03\/Illustration-broderie-eugenia-768x271.png 768w, https:\/\/amisdujardinvillars.fr\/wp-content\/uploads\/2026\/03\/Illustration-broderie-eugenia-1536x542.png 1536w, https:\/\/amisdujardinvillars.fr\/wp-content\/uploads\/2026\/03\/Illustration-broderie-eugenia.png 1838w\" sizes=\"auto, (max-width: 1024px) 100vw, 1024px\" \/><\/figure>\n\n\n\n<h4 class=\"wp-block-heading has-text-align-center\">Cr\u00e9ation collective &#8211; Ateliers de broderie &#8211; avec Eugenia Reznik<br>14, 15, 28 et 29 avril 2026 17h &#8211; 19h<\/h4>\n\n\n\n<p class=\"has-text-align-center\">Anim\u00e9s par l\u2019artiste Eugenia Reznik, les ateliers de broderie visent \u00e0 cr\u00e9er une oeuvre collective inspir\u00e9e des paysages r\u00e9els ou imaginaires. Aucune exp\u00e9rience pr\u00e9alable en broderie n\u2019est n\u00e9cessaire. Ouvert \u00e0 tou\u00b7te\u00b7s, y compris aux familles.<\/p>\n\n\n\n<p class=\"has-text-align-center\">14 et 15 avril : salle TD02, 28 et 29 avril : salle TD01<br>Bat. Jean Roget, Campus sant\u00e9, 23 avenue des Maquis du Gr\u00e9sivaudan, La Tronche<\/p>\n\n\n\n<p class=\"has-text-align-center\">Entr\u00e9e libre, sans inscription<\/p>\n\n\n\n<hr class=\"wp-block-separator has-alpha-channel-opacity\"\/>\n\n\n\n<figure class=\"wp-block-image aligncenter size-large\"><img loading=\"lazy\" decoding=\"async\" width=\"1024\" height=\"385\" src=\"https:\/\/amisdujardinvillars.fr\/wp-content\/uploads\/2026\/04\/image-from-rawpixel-id-6042308-jpeg-1024x385.jpg\" alt=\"\" class=\"wp-image-1391\" srcset=\"https:\/\/amisdujardinvillars.fr\/wp-content\/uploads\/2026\/04\/image-from-rawpixel-id-6042308-jpeg-1024x385.jpg 1024w, https:\/\/amisdujardinvillars.fr\/wp-content\/uploads\/2026\/04\/image-from-rawpixel-id-6042308-jpeg-300x113.jpg 300w, https:\/\/amisdujardinvillars.fr\/wp-content\/uploads\/2026\/04\/image-from-rawpixel-id-6042308-jpeg-768x289.jpg 768w, https:\/\/amisdujardinvillars.fr\/wp-content\/uploads\/2026\/04\/image-from-rawpixel-id-6042308-jpeg.jpg 1200w\" sizes=\"auto, (max-width: 1024px) 100vw, 1024px\" \/><\/figure>\n\n\n\n<h4 class=\"wp-block-heading has-text-align-center\">Visite th\u00e9matique &#8211; Journ\u00e9e internationale d&rsquo;hortith\u00e9rapie &#8211; avec Stephane Rossi<br>18 mai 2026 &#8211; 17h30 &#8211; 19h00<\/h4>\n\n\n\n<p class=\"has-text-align-center\">\u00c0 l\u2019occasion du lundi 18 mai, Journ\u00e9e mondiale de l\u2019hortith\u00e9rapie, le Jardin Dominique Villars vous propose une visite guid\u00e9e exceptionnelle, anim\u00e9e par le docteur St\u00e9phane Rossi, pharmacien-herboriste et hortith\u00e9rapeute.<\/p>\n\n\n\n<p class=\"has-text-align-center\">Lors de cette rencontre singuli\u00e8re, vous d\u00e9couvrirez le jardin sous un angle in\u00e9dit : celui d\u2019un v\u00e9ritable espace de soin. \u00c0 travers une d\u00e9ambulation sensible, nous explorerons la richesse sensorielle du lieu, la mani\u00e8re dont les cheminements invitent \u00e0 l\u2019apaisement, et comment la nature peut devenir un support concret de mieux-\u00eatre et de sant\u00e9.<\/p>\n\n\n\n<p class=\"has-text-align-center\">S\u2019appuyant sur des pratiques d\u00e9velopp\u00e9es notamment en milieu hospitalier, o\u00f9 le jardin est envisag\u00e9 comme un \u00ab tiers-lieu th\u00e9rapeutique \u00bb, cette visite vous proposera une approche \u00e0 la fois accessible, vivante et tr\u00e8s pratique de l\u2019hortith\u00e9rapie. Nul besoin de conna\u00eetre les travaux de Roger Ulrich, de Rachel Kaplan et Stephen Kaplan, ou encore de Benjamin Rush : vous en d\u00e9couvrirez les principes essentiels directement au jardin, par l\u2019exp\u00e9rience, les sensations et l\u2019observation.<\/p>\n\n\n\n<p class=\"has-text-align-center\">Que vous soyez simple curieux, amateur de plantes ou professionnel du soin, cette visite est une invitation \u00e0 ralentir, \u00e0 vous reconnecter \u00e0 vos sensations et \u00e0 porter un nouveau regard sur le vivant et le soin.<\/p>\n\n\n\n<div class=\"wp-block-buttons is-content-justification-center is-layout-flex wp-container-core-buttons-is-layout-a89b3969 wp-block-buttons-is-layout-flex\">\n<div class=\"wp-block-button\"><a class=\"wp-block-button__link wp-element-button\" href=\"https:\/\/www.helloasso.com\/associations\/les-amis-du-jardin-dominique-villars\/evenements\/visite-thematique-journee-internationale-de-l-hortitherapie\">Inscriptions<\/a><\/div>\n<\/div>\n\n\n\n<hr class=\"wp-block-separator has-alpha-channel-opacity\"\/>\n\n\n\n<figure class=\"wp-block-image aligncenter size-large\"><img loading=\"lazy\" decoding=\"async\" width=\"1024\" height=\"576\" src=\"https:\/\/amisdujardinvillars.fr\/wp-content\/uploads\/2026\/04\/26-nov-viseul-1-edited-1024x576.png\" alt=\"\" class=\"wp-image-1402\" srcset=\"https:\/\/amisdujardinvillars.fr\/wp-content\/uploads\/2026\/04\/26-nov-viseul-1-edited-1024x576.png 1024w, https:\/\/amisdujardinvillars.fr\/wp-content\/uploads\/2026\/04\/26-nov-viseul-1-edited-300x169.png 300w, https:\/\/amisdujardinvillars.fr\/wp-content\/uploads\/2026\/04\/26-nov-viseul-1-edited-768x432.png 768w, https:\/\/amisdujardinvillars.fr\/wp-content\/uploads\/2026\/04\/26-nov-viseul-1-edited-1536x864.png 1536w, https:\/\/amisdujardinvillars.fr\/wp-content\/uploads\/2026\/04\/26-nov-viseul-1-edited-2048x1152.png 2048w\" sizes=\"auto, (max-width: 1024px) 100vw, 1024px\" \/><\/figure>\n\n\n\n<h4 class=\"wp-block-heading has-text-align-center\">Journ\u00e9e th\u00e9matique &#8211; Festival, les parfums du Japon<br>20 mai 2026 &#8211; d\u00e8s 10h30 &#8211; 19h00<\/h4>\n\n\n\n<p class=\"has-text-align-center\">Cet \u00e9v\u00e9nement s\u2019inscrit dans une dynamique initi\u00e9e en 2022, \u00e0 l\u2019occasion de la cr\u00e9ation du jardin de plantes m\u00e9dicinales japonaises au sein du domaine universitaire. Depuis lors, cette journ\u00e9e annuelle explore diff\u00e9rents aspects de la culture botanique nippone, en croisant approches scientifiques, esth\u00e9tiques et sensorielles. Apr\u00e8s avoir abord\u00e9 notamment les fleurs et l\u2019art des jardins, l\u2019\u00e9dition actuelle met \u00e0 l\u2019honneur l\u2019univers olfactif et les parfums du Japon.<br>Tout au long de la journ\u00e9e, le public est invit\u00e9 \u00e0 d\u00e9couvrir un programme libre et diversifi\u00e9 comprenant :<br>&#8211; des visites comment\u00e9es du jardin de plantes m\u00e9dicinales japonaises<br>&#8211; une conf\u00e9rence olfactive consacr\u00e9e aux mati\u00e8res premi\u00e8res et aux traditions parfum\u00e9es japonaises<br>&#8211; des ateliers participatifs, incluant origami et confection de pochons parfum\u00e9s<br>&#8211; des d\u00e9gustations \/ de la vente de sp\u00e9cialit\u00e9s inspir\u00e9es de la culture japonaise<br>La journ\u00e9e sera \u00e9galement ponctu\u00e9e par un moment d\u2019exception avec la r\u00e9alisation d\u2019une c\u00e9r\u00e9monie du th\u00e9, conduite par une ma\u00eetre de th\u00e9 japonaise, offrant une immersion dans une pratique culturelle codifi\u00e9e, \u00e0 la crois\u00e9e de l\u2019esth\u00e9tique, du geste et de la symbolique.<br><br>Programme d\u00e9taill\u00e9 \u00e0 venir<\/p>\n","protected":false},"excerpt":{"rendered":"<p>D\u00e9couvrez ici nos ateliers th\u00e9matiques, conf\u00e9rences et visites guid\u00e9es. Ces \u00e9v\u00e9nements, exclusivement r\u00e9serv\u00e9s aux adh\u00e9rentes et adh\u00e9rents de l&rsquo;association), offrent l\u2019opportunit\u00e9 d\u2019explorer la richesse du jardin, d\u2019approfondir les connaissances botaniques, de partager des savoirs et de renforcer les liens au sein de la communaut\u00e9 botanique du Dauphin\u00e9.Restez inform\u00e9s gr\u00e2ce \u00e0 notre newsletter, \u00e9galement r\u00e9serv\u00e9e aux [&hellip;]<\/p>\n","protected":false},"author":2,"featured_media":0,"parent":0,"menu_order":0,"comment_status":"closed","ping_status":"closed","template":"","meta":{"footnotes":""},"class_list":["post-47","page","type-page","status-publish","hentry"],"_links":{"self":[{"href":"https:\/\/amisdujardinvillars.fr\/index.php\/wp-json\/wp\/v2\/pages\/47","targetHints":{"allow":["GET"]}}],"collection":[{"href":"https:\/\/amisdujardinvillars.fr\/index.php\/wp-json\/wp\/v2\/pages"}],"about":[{"href":"https:\/\/amisdujardinvillars.fr\/index.php\/wp-json\/wp\/v2\/types\/page"}],"author":[{"embeddable":true,"href":"https:\/\/amisdujardinvillars.fr\/index.php\/wp-json\/wp\/v2\/users\/2"}],"replies":[{"embeddable":true,"href":"https:\/\/amisdujardinvillars.fr\/index.php\/wp-json\/wp\/v2\/comments?post=47"}],"version-history":[{"count":250,"href":"https:\/\/amisdujardinvillars.fr\/index.php\/wp-json\/wp\/v2\/pages\/47\/revisions"}],"predecessor-version":[{"id":1404,"href":"https:\/\/amisdujardinvillars.fr\/index.php\/wp-json\/wp\/v2\/pages\/47\/revisions\/1404"}],"wp:attachment":[{"href":"https:\/\/amisdujardinvillars.fr\/index.php\/wp-json\/wp\/v2\/media?parent=47"}],"curies":[{"name":"wp","href":"https:\/\/api.w.org\/{rel}","templated":true}]}}